{"id":4272,"date":"2024-07-25T03:25:49","date_gmt":"2024-07-25T01:25:49","guid":{"rendered":"https:\/\/www.boucan-films.com\/a-propos\/"},"modified":"2026-04-20T12:14:26","modified_gmt":"2026-04-20T10:14:26","slug":"a-propos","status":"publish","type":"page","link":"https:\/\/www.boucan-films.com\/fr\/a-propos\/","title":{"rendered":"\u00c0 propos"},"content":{"rendered":"\t\t<div data-elementor-type=\"wp-page\" data-elementor-id=\"4272\" class=\"elementor elementor-4272 elementor-1366\" data-elementor-post-type=\"page\">\n\t\t\t\t\t\t<section class=\"elementor-section elementor-top-section elementor-element elementor-element-c641e83 elementor-section-stretched elementor-section-boxed elementor-section-height-default elementor-section-height-default\" data-id=\"c641e83\" data-element_type=\"section\" data-settings=\"{&quot;stretch_section&quot;:&quot;section-stretched&quot;,&quot;background_background&quot;:&quot;classic&quot;}\">\n\t\t\t\t\t\t<div class=\"elementor-container elementor-column-gap-no\">\n\t\t\t\t\t<div class=\"elementor-column elementor-col-100 elementor-top-column elementor-element elementor-element-63bb0c6\" data-id=\"63bb0c6\" data-element_type=\"column\">\n\t\t\t<div class=\"elementor-widget-wrap elementor-element-populated\">\n\t\t\t\t\t\t<div class=\"elementor-element elementor-element-86a64f9 elementor-widget elementor-widget-heading\" data-id=\"86a64f9\" data-element_type=\"widget\" data-widget_type=\"heading.default\">\n\t\t\t\t<div class=\"elementor-widget-container\">\n\t\t\t\t\t<h1 class=\"elementor-heading-title elementor-size-default\">Le duo de producteurs derri\u00e8re Boucan<\/h1>\t\t\t\t<\/div>\n\t\t\t\t<\/div>\n\t\t\t\t\t<\/div>\n\t\t<\/div>\n\t\t\t\t\t<\/div>\n\t\t<\/section>\n\t\t\t\t<section class=\"elementor-section elementor-top-section elementor-element elementor-element-d332cbe elementor-section-stretched elementor-section-boxed elementor-section-height-default elementor-section-height-default\" data-id=\"d332cbe\" data-element_type=\"section\" data-settings=\"{&quot;stretch_section&quot;:&quot;section-stretched&quot;,&quot;background_background&quot;:&quot;classic&quot;}\">\n\t\t\t\t\t\t<div class=\"elementor-container elementor-column-gap-no\">\n\t\t\t\t\t<div class=\"elementor-column elementor-col-33 elementor-top-column elementor-element elementor-element-560d821\" data-id=\"560d821\" data-element_type=\"column\" data-settings=\"{&quot;background_background&quot;:&quot;classic&quot;}\">\n\t\t\t<div class=\"elementor-widget-wrap elementor-element-populated\">\n\t\t\t\t\t\t<div class=\"elementor-element elementor-element-f3ca944 animated-slow elementor-invisible elementor-widget elementor-widget-image\" data-id=\"f3ca944\" data-element_type=\"widget\" data-settings=\"{&quot;_animation&quot;:&quot;fadeInUp&quot;}\" data-widget_type=\"image.default\">\n\t\t\t\t<div class=\"elementor-widget-container\">\n\t\t\t\t\t\t\t\t\t\t\t\t\t\t\t<img fetchpriority=\"high\" decoding=\"async\" width=\"1400\" height=\"1800\" src=\"https:\/\/www.boucan-films.com\/wp-content\/uploads\/2024\/07\/Photo-Boris-Van-Gils.jpg\" class=\"attachment-full size-full wp-image-1376\" alt=\"\" srcset=\"https:\/\/www.boucan-films.com\/wp-content\/uploads\/2024\/07\/Photo-Boris-Van-Gils.jpg 1400w, https:\/\/www.boucan-films.com\/wp-content\/uploads\/2024\/07\/Photo-Boris-Van-Gils-233x300.jpg 233w, https:\/\/www.boucan-films.com\/wp-content\/uploads\/2024\/07\/Photo-Boris-Van-Gils-796x1024.jpg 796w, https:\/\/www.boucan-films.com\/wp-content\/uploads\/2024\/07\/Photo-Boris-Van-Gils-768x987.jpg 768w, https:\/\/www.boucan-films.com\/wp-content\/uploads\/2024\/07\/Photo-Boris-Van-Gils-1195x1536.jpg 1195w\" sizes=\"(max-width: 1400px) 100vw, 1400px\" \/>\t\t\t\t\t\t\t\t\t\t\t\t\t\t\t<\/div>\n\t\t\t\t<\/div>\n\t\t\t\t<div class=\"elementor-element elementor-element-eec4847 animated-slow elementor-invisible elementor-widget elementor-widget-text-editor\" data-id=\"eec4847\" data-element_type=\"widget\" data-settings=\"{&quot;_animation&quot;:&quot;fadeInUp&quot;,&quot;_animation_delay&quot;:600}\" data-widget_type=\"text-editor.default\">\n\t\t\t\t<div class=\"elementor-widget-container\">\n\t\t\t\t\t\t\t\t\t<p>Boris Van Gils<\/p>\n\t\t\t\t\t\t\t\t<\/div>\n\t\t\t\t<\/div>\n\t\t\t\t<div class=\"elementor-element elementor-element-bd0ce9a animated-slow elementor-invisible elementor-widget elementor-widget-text-editor\" data-id=\"bd0ce9a\" data-element_type=\"widget\" data-settings=\"{&quot;_animation&quot;:&quot;fadeInUp&quot;,&quot;_animation_delay&quot;:800}\" data-widget_type=\"text-editor.default\">\n\t\t\t\t<div class=\"elementor-widget-container\">\n\t\t\t\t\t\t\t\t\t<p>Producteur<\/p>\n\t\t\t\t\t\t\t\t<\/div>\n\t\t\t\t<\/div>\n\t\t\t\t\t<\/div>\n\t\t<\/div>\n\t\t\t\t<div class=\"elementor-column elementor-col-33 elementor-top-column elementor-element elementor-element-7d7e245\" data-id=\"7d7e245\" data-element_type=\"column\" data-settings=\"{&quot;background_background&quot;:&quot;classic&quot;}\">\n\t\t\t<div class=\"elementor-widget-wrap elementor-element-populated\">\n\t\t\t\t\t\t<div class=\"elementor-element elementor-element-65ae196 animated-slow elementor-invisible elementor-widget elementor-widget-image\" data-id=\"65ae196\" data-element_type=\"widget\" data-settings=\"{&quot;_animation&quot;:&quot;fadeInUp&quot;,&quot;_animation_delay&quot;:200}\" data-widget_type=\"image.default\">\n\t\t\t\t<div class=\"elementor-widget-container\">\n\t\t\t\t\t\t\t\t\t\t\t\t\t\t\t<img decoding=\"async\" width=\"1400\" height=\"1800\" src=\"https:\/\/www.boucan-films.com\/wp-content\/uploads\/2024\/07\/Photo-Michael-Goldberg.jpg\" class=\"attachment-full size-full wp-image-1378\" alt=\"\" srcset=\"https:\/\/www.boucan-films.com\/wp-content\/uploads\/2024\/07\/Photo-Michael-Goldberg.jpg 1400w, https:\/\/www.boucan-films.com\/wp-content\/uploads\/2024\/07\/Photo-Michael-Goldberg-233x300.jpg 233w, https:\/\/www.boucan-films.com\/wp-content\/uploads\/2024\/07\/Photo-Michael-Goldberg-796x1024.jpg 796w, https:\/\/www.boucan-films.com\/wp-content\/uploads\/2024\/07\/Photo-Michael-Goldberg-768x987.jpg 768w, https:\/\/www.boucan-films.com\/wp-content\/uploads\/2024\/07\/Photo-Michael-Goldberg-1195x1536.jpg 1195w\" sizes=\"(max-width: 1400px) 100vw, 1400px\" \/>\t\t\t\t\t\t\t\t\t\t\t\t\t\t\t<\/div>\n\t\t\t\t<\/div>\n\t\t\t\t<div class=\"elementor-element elementor-element-c381bc2 animated-slow elementor-invisible elementor-widget elementor-widget-text-editor\" data-id=\"c381bc2\" data-element_type=\"widget\" data-settings=\"{&quot;_animation&quot;:&quot;fadeInUp&quot;,&quot;_animation_delay&quot;:1000}\" data-widget_type=\"text-editor.default\">\n\t\t\t\t<div class=\"elementor-widget-container\">\n\t\t\t\t\t\t\t\t\t<p>Micha\u00ebl Goldberg<\/p>\n\t\t\t\t\t\t\t\t<\/div>\n\t\t\t\t<\/div>\n\t\t\t\t<div class=\"elementor-element elementor-element-319ffc6 animated-slow elementor-invisible elementor-widget elementor-widget-text-editor\" data-id=\"319ffc6\" data-element_type=\"widget\" data-settings=\"{&quot;_animation&quot;:&quot;fadeInUp&quot;,&quot;_animation_delay&quot;:1200}\" data-widget_type=\"text-editor.default\">\n\t\t\t\t<div class=\"elementor-widget-container\">\n\t\t\t\t\t\t\t\t\t<p>Producteur<\/p>\n\t\t\t\t\t\t\t\t<\/div>\n\t\t\t\t<\/div>\n\t\t\t\t\t<\/div>\n\t\t<\/div>\n\t\t\t\t<div class=\"elementor-column elementor-col-33 elementor-top-column elementor-element elementor-element-d9430c6\" data-id=\"d9430c6\" data-element_type=\"column\" data-settings=\"{&quot;background_background&quot;:&quot;classic&quot;}\">\n\t\t\t<div class=\"elementor-widget-wrap elementor-element-populated\">\n\t\t\t\t\t\t<div class=\"elementor-element elementor-element-a45fcb1 animated-slow elementor-invisible elementor-widget elementor-widget-text-editor\" data-id=\"a45fcb1\" data-element_type=\"widget\" data-settings=\"{&quot;_animation&quot;:&quot;fadeInUp&quot;,&quot;_animation_delay&quot;:400}\" data-widget_type=\"text-editor.default\">\n\t\t\t\t<div class=\"elementor-widget-container\">\n\t\t\t\t\t\t\t\t\t<p>L&rsquo;\u00e9thique de Micha\u00ebl Goldberg et Boris Van Gils pourrait \u00eatre r\u00e9sum\u00e9e par la phrase suivante: R\u00e9aliser <em>des films d&rsquo;auteur<\/em> capables d&rsquo;atteindre le march\u00e9 du grand public sans compromis sur la qualit\u00e9 et l&rsquo;intention de l\u2019auteur.<\/p><p>Avec des bureaux \u00e0 Abidjan, Bruxelles et Paris, et en tant que producteur d\u00e9l\u00e9gu\u00e9 ou ex\u00e9cutif, ils ont b\u00e2ti des relations de confiance avec des partenaires internationaux de premier plan.<\/p><p>\u00a0<\/p>\t\t\t\t\t\t\t\t<\/div>\n\t\t\t\t<\/div>\n\t\t\t\t\t<\/div>\n\t\t<\/div>\n\t\t\t\t\t<\/div>\n\t\t<\/section>\n\t\t\t\t<section class=\"elementor-section elementor-top-section elementor-element elementor-element-c59b0d3 elementor-section-stretched elementor-section-boxed elementor-section-height-default elementor-section-height-default\" data-id=\"c59b0d3\" data-element_type=\"section\" data-settings=\"{&quot;background_background&quot;:&quot;classic&quot;,&quot;stretch_section&quot;:&quot;section-stretched&quot;}\">\n\t\t\t\t\t\t<div class=\"elementor-container elementor-column-gap-no\">\n\t\t\t\t\t<div class=\"elementor-column elementor-col-100 elementor-top-column elementor-element elementor-element-55b4f3e\" data-id=\"55b4f3e\" data-element_type=\"column\">\n\t\t\t<div class=\"elementor-widget-wrap elementor-element-populated\">\n\t\t\t\t\t\t<div class=\"elementor-element elementor-element-ed466ad animated-slow elementor-invisible elementor-widget elementor-widget-text-editor\" data-id=\"ed466ad\" data-element_type=\"widget\" data-settings=\"{&quot;_animation&quot;:&quot;fadeInUp&quot;,&quot;_animation_delay&quot;:1400}\" data-widget_type=\"text-editor.default\">\n\t\t\t\t<div class=\"elementor-widget-container\">\n\t\t\t\t\t\t\t\t\t<p class=\"\" data-start=\"55\" data-end=\"636\">Micha\u00ebl Goldberg et Boris Van Gils ont commenc\u00e9 \u00e0 collaborer en 2004 avec <em data-start=\"129\" data-end=\"145\">Michael Blanco<\/em>, r\u00e9alis\u00e9 par Stephan Streker et r\u00e9cemment restaur\u00e9 par la Cin\u00e9math\u00e8que royale de Belgique. Leur travail sur <em data-start=\"254\" data-end=\"266\">Viva Riva!<\/em> en 2011 (Berlinale, TIFF, MTV \u2013 Meilleur film africain) a marqu\u00e9 un tournant dans leur carri\u00e8re. S\u2019en sont suivis plusieurs succ\u00e8s notables, tels que <em data-start=\"417\" data-end=\"439\">Les Rayures du Z\u00e8bre<\/em> (2014), r\u00e9alis\u00e9 par Beno\u00eet Mariage, qui a \u00e9t\u00e9 en t\u00eate du box-office belge, ainsi que <em data-start=\"525\" data-end=\"532\">Noces<\/em> de Stephan Streker, acclam\u00e9 \u00e0 l\u2019international (TIFF, nomm\u00e9 au C\u00e9sar du Meilleur film \u00e9tranger en 2018).<\/p><p class=\"\" data-start=\"638\" data-end=\"955\">Plus r\u00e9cemment, ils ont accompagn\u00e9 de jeunes talents comme Michiel Blanchart, en produisant son court m\u00e9trage <em data-start=\"748\" data-end=\"767\">T\u2019es morte H\u00e9l\u00e8ne<\/em>, s\u00e9lectionn\u00e9 dans la shortlist des Oscars 2022, ainsi que son premier long m\u00e9trage <em data-start=\"851\" data-end=\"870\">La nuit se tra\u00eene<\/em>, salu\u00e9 par la critique, vendu \u00e0 l\u2019international, et couronn\u00e9 de 10 Magritte en 2025.<\/p>\t\t\t\t\t\t\t\t<\/div>\n\t\t\t\t<\/div>\n\t\t\t\t\t<\/div>\n\t\t<\/div>\n\t\t\t\t\t<\/div>\n\t\t<\/section>\n\t\t\t\t<section class=\"elementor-section elementor-top-section elementor-element elementor-element-452d72ed elementor-section-stretched elementor-section-boxed elementor-section-height-default elementor-section-height-default\" data-id=\"452d72ed\" data-element_type=\"section\" data-settings=\"{&quot;stretch_section&quot;:&quot;section-stretched&quot;,&quot;background_background&quot;:&quot;classic&quot;}\">\n\t\t\t\t\t\t<div class=\"elementor-container elementor-column-gap-no\">\n\t\t\t\t\t<div class=\"elementor-column elementor-col-33 elementor-top-column elementor-element elementor-element-cd79ced animated-slow elementor-invisible\" data-id=\"cd79ced\" data-element_type=\"column\" data-settings=\"{&quot;background_background&quot;:&quot;classic&quot;,&quot;animation&quot;:&quot;fadeInUp&quot;,&quot;animation_delay&quot;:200}\">\n\t\t\t<div class=\"elementor-widget-wrap elementor-element-populated\">\n\t\t\t\t\t\t<div class=\"elementor-element elementor-element-0583cde elementor-widget elementor-widget-image\" data-id=\"0583cde\" data-element_type=\"widget\" data-widget_type=\"image.default\">\n\t\t\t\t<div class=\"elementor-widget-container\">\n\t\t\t\t\t\t\t\t\t\t\t\t\t\t\t<img decoding=\"async\" width=\"700\" height=\"950\" src=\"https:\/\/www.boucan-films.com\/wp-content\/uploads\/2024\/10\/VICTOR-METENS-1.jpg\" class=\"attachment-full size-full wp-image-3766\" alt=\"\" srcset=\"https:\/\/www.boucan-films.com\/wp-content\/uploads\/2024\/10\/VICTOR-METENS-1.jpg 700w, https:\/\/www.boucan-films.com\/wp-content\/uploads\/2024\/10\/VICTOR-METENS-1-221x300.jpg 221w\" sizes=\"(max-width: 700px) 100vw, 700px\" \/>\t\t\t\t\t\t\t\t\t\t\t\t\t\t\t<\/div>\n\t\t\t\t<\/div>\n\t\t\t\t<div class=\"elementor-element elementor-element-c917cb0 elementor-widget elementor-widget-text-editor\" data-id=\"c917cb0\" data-element_type=\"widget\" data-widget_type=\"text-editor.default\">\n\t\t\t\t<div class=\"elementor-widget-container\">\n\t\t\t\t\t\t\t\t\t<p>Victor M\u00e9tens<\/p>\t\t\t\t\t\t\t\t<\/div>\n\t\t\t\t<\/div>\n\t\t\t\t<div class=\"elementor-element elementor-element-de66c6d elementor-widget elementor-widget-text-editor\" data-id=\"de66c6d\" data-element_type=\"widget\" data-widget_type=\"text-editor.default\">\n\t\t\t\t<div class=\"elementor-widget-container\">\n\t\t\t\t\t\t\t\t\t<p>Responsable de Production<\/p>\t\t\t\t\t\t\t\t<\/div>\n\t\t\t\t<\/div>\n\t\t\t\t\t<\/div>\n\t\t<\/div>\n\t\t\t\t<div class=\"elementor-column elementor-col-33 elementor-top-column elementor-element elementor-element-d390c6c animated-slow elementor-invisible\" data-id=\"d390c6c\" data-element_type=\"column\" data-settings=\"{&quot;background_background&quot;:&quot;classic&quot;,&quot;animation&quot;:&quot;fadeInUp&quot;}\">\n\t\t\t<div class=\"elementor-widget-wrap elementor-element-populated\">\n\t\t\t\t\t\t<div class=\"elementor-element elementor-element-8642070 elementor-widget elementor-widget-image\" data-id=\"8642070\" data-element_type=\"widget\" data-widget_type=\"image.default\">\n\t\t\t\t<div class=\"elementor-widget-container\">\n\t\t\t\t\t\t\t\t\t\t\t\t\t\t\t<img loading=\"lazy\" decoding=\"async\" width=\"700\" height=\"950\" src=\"https:\/\/www.boucan-films.com\/wp-content\/uploads\/2024\/10\/victoire-gigapixel-standard-v2-2x.jpg\" class=\"attachment-full size-full wp-image-4023\" alt=\"\" srcset=\"https:\/\/www.boucan-films.com\/wp-content\/uploads\/2024\/10\/victoire-gigapixel-standard-v2-2x.jpg 700w, https:\/\/www.boucan-films.com\/wp-content\/uploads\/2024\/10\/victoire-gigapixel-standard-v2-2x-221x300.jpg 221w\" sizes=\"(max-width: 700px) 100vw, 700px\" \/>\t\t\t\t\t\t\t\t\t\t\t\t\t\t\t<\/div>\n\t\t\t\t<\/div>\n\t\t\t\t<div class=\"elementor-element elementor-element-5648b48 elementor-widget elementor-widget-text-editor\" data-id=\"5648b48\" data-element_type=\"widget\" data-widget_type=\"text-editor.default\">\n\t\t\t\t<div class=\"elementor-widget-container\">\n\t\t\t\t\t\t\t\t\t<p>Victoire Aby-Say<\/p>\n\t\t\t\t\t\t\t\t<\/div>\n\t\t\t\t<\/div>\n\t\t\t\t<div class=\"elementor-element elementor-element-5635902 elementor-widget elementor-widget-text-editor\" data-id=\"5635902\" data-element_type=\"widget\" data-widget_type=\"text-editor.default\">\n\t\t\t\t<div class=\"elementor-widget-container\">\n\t\t\t\t\t\t\t\t\t<p>Directrice de Production C\u00f4te d&rsquo;Ivoire<\/p>\n\t\t\t\t\t\t\t\t<\/div>\n\t\t\t\t<\/div>\n\t\t\t\t\t<\/div>\n\t\t<\/div>\n\t\t\t\t<div class=\"elementor-column elementor-col-33 elementor-top-column elementor-element elementor-element-425e9abf animated-slow elementor-invisible\" data-id=\"425e9abf\" data-element_type=\"column\" data-settings=\"{&quot;background_background&quot;:&quot;classic&quot;,&quot;animation&quot;:&quot;fadeInUp&quot;,&quot;animation_delay&quot;:400}\">\n\t\t\t<div class=\"elementor-widget-wrap elementor-element-populated\">\n\t\t\t\t\t\t<div class=\"elementor-element elementor-element-226e56f6 elementor-widget elementor-widget-image\" data-id=\"226e56f6\" data-element_type=\"widget\" data-widget_type=\"image.default\">\n\t\t\t\t<div class=\"elementor-widget-container\">\n\t\t\t\t\t\t\t\t\t\t\t\t\t\t\t<img loading=\"lazy\" decoding=\"async\" width=\"700\" height=\"950\" src=\"https:\/\/www.boucan-films.com\/wp-content\/uploads\/2024\/10\/MARINA-FESTRE.jpg\" class=\"attachment-full size-full wp-image-3621\" alt=\"\" srcset=\"https:\/\/www.boucan-films.com\/wp-content\/uploads\/2024\/10\/MARINA-FESTRE.jpg 700w, https:\/\/www.boucan-films.com\/wp-content\/uploads\/2024\/10\/MARINA-FESTRE-221x300.jpg 221w\" sizes=\"(max-width: 700px) 100vw, 700px\" \/>\t\t\t\t\t\t\t\t\t\t\t\t\t\t\t<\/div>\n\t\t\t\t<\/div>\n\t\t\t\t<div class=\"elementor-element elementor-element-497f59ae elementor-widget elementor-widget-text-editor\" data-id=\"497f59ae\" data-element_type=\"widget\" data-widget_type=\"text-editor.default\">\n\t\t\t\t<div class=\"elementor-widget-container\">\n\t\t\t\t\t\t\t\t\t<p>Marina Festr\u00e9<\/p>\n\t\t\t\t\t\t\t\t<\/div>\n\t\t\t\t<\/div>\n\t\t\t\t<div class=\"elementor-element elementor-element-10f051f6 elementor-widget elementor-widget-text-editor\" data-id=\"10f051f6\" data-element_type=\"widget\" data-widget_type=\"text-editor.default\">\n\t\t\t\t<div class=\"elementor-widget-container\">\n\t\t\t\t\t\t\t\t\t<p>Producteur associ\u00e9e<\/p>\n\t\t\t\t\t\t\t\t<\/div>\n\t\t\t\t<\/div>\n\t\t\t\t\t<\/div>\n\t\t<\/div>\n\t\t\t\t\t<\/div>\n\t\t<\/section>\n\t\t\t\t<\/div>\n\t\t","protected":false},"excerpt":{"rendered":"<p>Le duo de producteurs derri\u00e8re Boucan Boris Van Gils Producteur Micha\u00ebl Goldberg Producteur L&rsquo;\u00e9thique de Micha\u00ebl Goldberg et Boris Van Gils pourrait \u00eatre r\u00e9sum\u00e9e par la phrase suivante: R\u00e9aliser des films d&rsquo;auteur capables d&rsquo;atteindre le march\u00e9 du grand public sans compromis sur la qualit\u00e9 et l&rsquo;intention de l\u2019auteur. Avec des bureaux \u00e0 Abidjan, Bruxelles et [&hellip;]<\/p>\n","protected":false},"author":2,"featured_media":0,"parent":0,"menu_order":0,"comment_status":"closed","ping_status":"open","template":"","meta":{"ocean_post_layout":"","ocean_both_sidebars_style":"","ocean_both_sidebars_content_width":0,"ocean_both_sidebars_sidebars_width":0,"ocean_sidebar":"0","ocean_second_sidebar":"0","ocean_disable_margins":"on","ocean_add_body_class":"","ocean_shortcode_before_top_bar":"","ocean_shortcode_after_top_bar":"","ocean_shortcode_before_header":"","ocean_shortcode_after_header":"","ocean_has_shortcode":"","ocean_shortcode_after_title":"","ocean_shortcode_before_footer_widgets":"","ocean_shortcode_after_footer_widgets":"","ocean_shortcode_before_footer_bottom":"","ocean_shortcode_after_footer_bottom":"","ocean_display_top_bar":"default","ocean_display_header":"default","ocean_header_style":"","ocean_center_header_left_menu":"0","ocean_custom_header_template":"1256","ocean_custom_logo":0,"ocean_custom_retina_logo":0,"ocean_custom_logo_max_width":0,"ocean_custom_logo_tablet_max_width":0,"ocean_custom_logo_mobile_max_width":0,"ocean_custom_logo_max_height":0,"ocean_custom_logo_tablet_max_height":0,"ocean_custom_logo_mobile_max_height":0,"ocean_header_custom_menu":"0","ocean_menu_typo_font_family":"0","ocean_menu_typo_font_subset":"","ocean_menu_typo_font_size":0,"ocean_menu_typo_font_size_tablet":0,"ocean_menu_typo_font_size_mobile":0,"ocean_menu_typo_font_size_unit":"px","ocean_menu_typo_font_weight":"","ocean_menu_typo_font_weight_tablet":"","ocean_menu_typo_font_weight_mobile":"","ocean_menu_typo_transform":"","ocean_menu_typo_transform_tablet":"","ocean_menu_typo_transform_mobile":"","ocean_menu_typo_line_height":0,"ocean_menu_typo_line_height_tablet":0,"ocean_menu_typo_line_height_mobile":0,"ocean_menu_typo_line_height_unit":"","ocean_menu_typo_spacing":0,"ocean_menu_typo_spacing_tablet":0,"ocean_menu_typo_spacing_mobile":0,"ocean_menu_typo_spacing_unit":"","ocean_menu_link_color":"","ocean_menu_link_color_hover":"","ocean_menu_link_color_active":"","ocean_menu_link_background":"","ocean_menu_link_hover_background":"","ocean_menu_link_active_background":"","ocean_menu_social_links_bg":"","ocean_menu_social_hover_links_bg":"","ocean_menu_social_links_color":"","ocean_menu_social_hover_links_color":"","ocean_disable_title":"default","ocean_disable_heading":"default","ocean_post_title":"","ocean_post_subheading":"","ocean_post_title_style":"","ocean_post_title_background_color":"","ocean_post_title_background":0,"ocean_post_title_bg_image_position":"","ocean_post_title_bg_image_attachment":"","ocean_post_title_bg_image_repeat":"","ocean_post_title_bg_image_size":"","ocean_post_title_height":0,"ocean_post_title_bg_overlay":0.5,"ocean_post_title_bg_overlay_color":"","ocean_disable_breadcrumbs":"default","ocean_breadcrumbs_color":"","ocean_breadcrumbs_separator_color":"","ocean_breadcrumbs_links_color":"","ocean_breadcrumbs_links_hover_color":"","ocean_display_footer_widgets":"default","ocean_display_footer_bottom":"default","ocean_custom_footer_template":"4395","omw_enable_modal_window":"enable","osh_disable_topbar_sticky":"default","osh_disable_header_sticky":"default","osh_sticky_header_style":"default","osh_sticky_header_effect":"","osh_custom_sticky_logo":0,"osh_custom_retina_sticky_logo":0,"osh_custom_sticky_logo_height":0,"osh_background_color":"","osh_links_color":"","osh_links_hover_color":"","osh_links_active_color":"","osh_links_bg_color":"","osh_links_hover_bg_color":"","osh_links_active_bg_color":"","osh_menu_social_links_color":"","osh_menu_social_hover_links_color":"","footnotes":""},"class_list":["post-4272","page","type-page","status-publish","hentry","entry"],"_links":{"self":[{"href":"https:\/\/www.boucan-films.com\/fr\/wp-json\/wp\/v2\/pages\/4272","targetHints":{"allow":["GET"]}}],"collection":[{"href":"https:\/\/www.boucan-films.com\/fr\/wp-json\/wp\/v2\/pages"}],"about":[{"href":"https:\/\/www.boucan-films.com\/fr\/wp-json\/wp\/v2\/types\/page"}],"author":[{"embeddable":true,"href":"https:\/\/www.boucan-films.com\/fr\/wp-json\/wp\/v2\/users\/2"}],"replies":[{"embeddable":true,"href":"https:\/\/www.boucan-films.com\/fr\/wp-json\/wp\/v2\/comments?post=4272"}],"version-history":[{"count":21,"href":"https:\/\/www.boucan-films.com\/fr\/wp-json\/wp\/v2\/pages\/4272\/revisions"}],"predecessor-version":[{"id":4813,"href":"https:\/\/www.boucan-films.com\/fr\/wp-json\/wp\/v2\/pages\/4272\/revisions\/4813"}],"wp:attachment":[{"href":"https:\/\/www.boucan-films.com\/fr\/wp-json\/wp\/v2\/media?parent=4272"}],"curies":[{"name":"wp","href":"https:\/\/api.w.org\/{rel}","templated":true}]}}