{"id":4379,"date":"2024-08-22T20:30:09","date_gmt":"2024-08-22T18:30:09","guid":{"rendered":"https:\/\/www.boucan-films.com\/benoit-mariage\/"},"modified":"2024-11-18T00:47:42","modified_gmt":"2024-11-17T23:47:42","slug":"benoit-mariage","status":"publish","type":"page","link":"https:\/\/www.boucan-films.com\/fr\/benoit-mariage\/","title":{"rendered":"Beno\u00eet Mariage"},"content":{"rendered":"\t\t<div data-elementor-type=\"wp-page\" data-elementor-id=\"4379\" class=\"elementor elementor-4379 elementor-3182\" data-elementor-post-type=\"page\">\n\t\t\t\t\t\t<section class=\"elementor-section elementor-top-section elementor-element elementor-element-77ada27 elementor-section-full_width elementor-section-height-min-height elementor-section-stretched elementor-section-items-bottom elementor-section-height-default\" data-id=\"77ada27\" data-element_type=\"section\" data-settings=\"{&quot;stretch_section&quot;:&quot;section-stretched&quot;,&quot;background_background&quot;:&quot;classic&quot;}\">\n\t\t\t\t\t\t\t<div class=\"elementor-background-overlay\"><\/div>\n\t\t\t\t\t\t\t<div class=\"elementor-container elementor-column-gap-no\">\n\t\t\t\t\t<div class=\"elementor-column elementor-col-100 elementor-top-column elementor-element elementor-element-dd5a6da\" data-id=\"dd5a6da\" data-element_type=\"column\">\n\t\t\t<div class=\"elementor-widget-wrap elementor-element-populated\">\n\t\t\t\t\t\t<div class=\"elementor-element elementor-element-13c6f52 animated-slow elementor-invisible elementor-widget elementor-widget-heading\" data-id=\"13c6f52\" data-element_type=\"widget\" data-settings=\"{&quot;_animation&quot;:&quot;fadeInDown&quot;}\" data-widget_type=\"heading.default\">\n\t\t\t\t<div class=\"elementor-widget-container\">\n\t\t\t\t\t<h2 class=\"elementor-heading-title elementor-size-default\">Beno\u00eet Mariage<\/h2>\t\t\t\t<\/div>\n\t\t\t\t<\/div>\n\t\t\t\t\t<\/div>\n\t\t<\/div>\n\t\t\t\t\t<\/div>\n\t\t<\/section>\n\t\t\t\t<section class=\"elementor-section elementor-top-section elementor-element elementor-element-b0beffd elementor-section-full_width elementor-section-stretched elementor-reverse-mobile elementor-section-height-default elementor-section-height-default\" data-id=\"b0beffd\" data-element_type=\"section\" data-settings=\"{&quot;stretch_section&quot;:&quot;section-stretched&quot;,&quot;background_background&quot;:&quot;classic&quot;}\">\n\t\t\t\t\t\t<div class=\"elementor-container elementor-column-gap-no\">\n\t\t\t\t\t<div class=\"elementor-column elementor-col-50 elementor-top-column elementor-element elementor-element-7217d05\" data-id=\"7217d05\" data-element_type=\"column\">\n\t\t\t<div class=\"elementor-widget-wrap elementor-element-populated\">\n\t\t\t\t\t\t<div class=\"elementor-element elementor-element-132d0ab animated-slow elementor-invisible elementor-widget elementor-widget-text-editor\" data-id=\"132d0ab\" data-element_type=\"widget\" data-settings=\"{&quot;_animation&quot;:&quot;fadeInUp&quot;,&quot;_animation_delay&quot;:600}\" data-widget_type=\"text-editor.default\">\n\t\t\t\t<div class=\"elementor-widget-container\">\n\t\t\t\t\t\t\t\t\t<p>Beno\u00eet Mariage s&rsquo;est fait conna\u00eetre en r\u00e9alisant de nombreux \u00e9pisodes de la c\u00e9l\u00e8bre \u00e9mission belge \u00ab\u00a0Strip-Tease\u00a0\u00bb: \u00ab\u00a0Strip-Tease\u00a0\u00bb, une s\u00e9rie documentaire traitant principalement des gens ordinaires et des moments de leur vie quotidienne.<\/p>\n<p>D\u00e9sireux de transposer cette exp\u00e9rience du documentaire \u00e0 la fiction, il r\u00e9alise son premier court m\u00e9trage <strong>LE SIGNALEUR \/ THE SIGNALMAN<\/strong> qui est r\u00e9compens\u00e9 en 1997 \u00e0 la Semaine internationale de la critique \u00e0 Cannes.<\/p>\n<p>Deux ans plus tard, son premier long m\u00e9trage <strong>LES CONVOYEURS ATTENDENT \/ THE CARRIERS ARE WAITING<\/strong> est pr\u00e9sent\u00e9 \u00e0 la Quinzaine des R\u00e9alisateurs de Cannes. Avec le jeune Beno\u00eet Poelvoorde, ce film doux-amer est nomm\u00e9 aux C\u00e9sar et vendu dans le monde entier.<\/p>\n<p>Son film suivant, <strong>L&rsquo;AUTRE \/ THE MISSIGN HALF<\/strong>, est projet\u00e9 au festival de Sundance. Il retrouve Benoit Poelvoorde qui entre temps est devenu un acteur fran\u00e7ais de premier plan pour <strong>COWBOY<\/strong> (2OO7) son troisi\u00e8me film.<\/p>\n<p>Son film suivant <strong>LES RAYURES DU ZEBRE \/ SCOUTING FOR ZEBRAS<\/strong> produit par Boucan Films est un succ\u00e8s populaire, devenant le premier film belge francophone de 2014. Il fait ensuite \u00e9quipe avec l&rsquo;irr\u00e9v\u00e9rencieux Fran\u00e7ois Damiens et co\u00e9crit <strong>MON KET \/ DANY<\/strong> Beno\u00eet Mariage travaille actuellement sur <strong>HABIB<\/strong>, avec Catherine Deneuve.<\/p>\n\t\t\t\t\t\t\t\t<\/div>\n\t\t\t\t<\/div>\n\t\t\t\t\t<\/div>\n\t\t<\/div>\n\t\t\t\t<div class=\"elementor-column elementor-col-50 elementor-top-column elementor-element elementor-element-842610b animated-slow elementor-invisible\" data-id=\"842610b\" data-element_type=\"column\" data-settings=\"{&quot;animation&quot;:&quot;fadeInRight&quot;,&quot;animation_delay&quot;:400}\">\n\t\t\t<div class=\"elementor-widget-wrap elementor-element-populated\">\n\t\t\t\t\t\t<section class=\"elementor-section elementor-inner-section elementor-element elementor-element-099510a elementor-section-boxed elementor-section-height-default elementor-section-height-default\" data-id=\"099510a\" data-element_type=\"section\" data-settings=\"{&quot;background_background&quot;:&quot;classic&quot;}\">\n\t\t\t\t\t\t<div class=\"elementor-container elementor-column-gap-no\">\n\t\t\t\t\t<div class=\"elementor-column elementor-col-100 elementor-inner-column elementor-element elementor-element-f24071e\" data-id=\"f24071e\" data-element_type=\"column\">\n\t\t\t<div class=\"elementor-widget-wrap elementor-element-populated\">\n\t\t\t\t\t\t<div class=\"elementor-element elementor-element-3004f4e animated-slow elementor-invisible elementor-widget elementor-widget-heading\" data-id=\"3004f4e\" data-element_type=\"widget\" data-settings=\"{&quot;_animation&quot;:&quot;fadeInLeft&quot;}\" data-widget_type=\"heading.default\">\n\t\t\t\t<div class=\"elementor-widget-container\">\n\t\t\t\t\t<h2 class=\"elementor-heading-title elementor-size-default\">Filmographie<\/h2>\t\t\t\t<\/div>\n\t\t\t\t<\/div>\n\t\t\t\t<div class=\"elementor-element elementor-element-301cbf3 elementor-widget elementor-widget-text-editor\" data-id=\"301cbf3\" data-element_type=\"widget\" data-widget_type=\"text-editor.default\">\n\t\t\t\t<div class=\"elementor-widget-container\">\n\t\t\t\t\t\t\t\t\t<p><span style=\"color: #ffcc00;\"><strong>2023<\/strong><\/span><br \/>HABIB, LA GRANDE AVENTURE \/ HABIB &#8211; Long-m\u00e9trage fiction<\/p>\n<p><span style=\"color: #ffcc00;\"><strong>2014<\/strong><\/span><br \/>LES RAYURES DU ZEBRE \/ SCOUTING FOR ZEBRAS &#8211; Long-m\u00e9trage fiction<\/p>\n<p><span style=\"color: #ffcc00;\"><strong>2008<\/strong><\/span><br \/>COW-BOY &#8211; Long-m\u00e9trage fiction<\/p>\n<p><span style=\"color: #ffcc00;\"><strong>2003<\/strong><\/span><br \/>L\u2019AUTRE \/ THE MISSING HALF &#8211; Long-m\u00e9trage fiction<\/p>\n<p><span style=\"color: #ffcc00;\"><strong>1999<\/strong><\/span><br \/>LES CONVOYEURS ATTENDENT\/THE CARRIERS ARE WAITING &#8211; Long-m\u00e9trage fiction<\/p>\n<p><span style=\"color: #ffcc00;\"><strong>1997<\/strong><\/span><br \/>LE SIGNALEUR \/ THE SIGNALMAN &#8211; Court-m\u00e9trage<\/p>\n\t\t\t\t\t\t\t\t<\/div>\n\t\t\t\t<\/div>\n\t\t\t\t\t<\/div>\n\t\t<\/div>\n\t\t\t\t\t<\/div>\n\t\t<\/section>\n\t\t\t\t\t<\/div>\n\t\t<\/div>\n\t\t\t\t\t<\/div>\n\t\t<\/section>\n\t\t\t\t<section class=\"elementor-section elementor-top-section elementor-element elementor-element-5eee3ce elementor-section-full_width elementor-section-stretched elementor-section-height-default elementor-section-height-default\" data-id=\"5eee3ce\" data-element_type=\"section\" data-settings=\"{&quot;stretch_section&quot;:&quot;section-stretched&quot;,&quot;background_background&quot;:&quot;classic&quot;}\">\n\t\t\t\t\t\t<div class=\"elementor-container elementor-column-gap-no\">\n\t\t\t\t\t<div class=\"elementor-column elementor-col-100 elementor-top-column elementor-element elementor-element-fc53d24\" data-id=\"fc53d24\" data-element_type=\"column\">\n\t\t\t<div class=\"elementor-widget-wrap elementor-element-populated\">\n\t\t\t\t\t\t<div class=\"elementor-element elementor-element-f769e99 animated-slow elementor-invisible elementor-widget elementor-widget-heading\" data-id=\"f769e99\" data-element_type=\"widget\" data-settings=\"{&quot;_animation&quot;:&quot;fadeInDown&quot;}\" data-widget_type=\"heading.default\">\n\t\t\t\t<div class=\"elementor-widget-container\">\n\t\t\t\t\t<h2 class=\"elementor-heading-title elementor-size-default\">Produit par Boucan<\/h2>\t\t\t\t<\/div>\n\t\t\t\t<\/div>\n\t\t\t\t\t<\/div>\n\t\t<\/div>\n\t\t\t\t\t<\/div>\n\t\t<\/section>\n\t\t\t\t<section class=\"elementor-section elementor-top-section elementor-element elementor-element-e38e6e1 elementor-section-stretched elementor-section-boxed elementor-section-height-default elementor-section-height-default\" data-id=\"e38e6e1\" data-element_type=\"section\" data-settings=\"{&quot;stretch_section&quot;:&quot;section-stretched&quot;,&quot;background_background&quot;:&quot;classic&quot;}\">\n\t\t\t\t\t\t<div class=\"elementor-container elementor-column-gap-no\">\n\t\t\t\t\t<div class=\"elementor-column elementor-col-33 elementor-top-column elementor-element elementor-element-fa9c6b8\" data-id=\"fa9c6b8\" data-element_type=\"column\">\n\t\t\t<div class=\"elementor-widget-wrap elementor-element-populated\">\n\t\t\t\t\t\t<div class=\"elementor-element elementor-element-d2e01b4 animated-slow elementor-invisible elementor-widget elementor-widget-image\" data-id=\"d2e01b4\" data-element_type=\"widget\" data-settings=\"{&quot;_animation&quot;:&quot;fadeInUp&quot;,&quot;_animation_delay&quot;:400}\" data-widget_type=\"image.default\">\n\t\t\t\t<div class=\"elementor-widget-container\">\n\t\t\t\t\t\t\t\t\t\t\t\t\t\t\t\t<a href=\"https:\/\/www.boucan-films.com\/fr\/habib-2\/\">\n\t\t\t\t\t\t\t<img fetchpriority=\"high\" decoding=\"async\" width=\"840\" height=\"1200\" src=\"https:\/\/www.boucan-films.com\/wp-content\/uploads\/2024\/08\/A4-HABIB-WEB-OK-web.jpg\" class=\"attachment-full size-full wp-image-3234\" alt=\"\" srcset=\"https:\/\/www.boucan-films.com\/wp-content\/uploads\/2024\/08\/A4-HABIB-WEB-OK-web.jpg 840w, https:\/\/www.boucan-films.com\/wp-content\/uploads\/2024\/08\/A4-HABIB-WEB-OK-web-210x300.jpg 210w, https:\/\/www.boucan-films.com\/wp-content\/uploads\/2024\/08\/A4-HABIB-WEB-OK-web-717x1024.jpg 717w, https:\/\/www.boucan-films.com\/wp-content\/uploads\/2024\/08\/A4-HABIB-WEB-OK-web-768x1097.jpg 768w\" sizes=\"(max-width: 840px) 100vw, 840px\" \/>\t\t\t\t\t\t\t\t<\/a>\n\t\t\t\t\t\t\t\t\t\t\t\t\t\t\t<\/div>\n\t\t\t\t<\/div>\n\t\t\t\t\t<\/div>\n\t\t<\/div>\n\t\t\t\t<div class=\"elementor-column elementor-col-33 elementor-top-column elementor-element elementor-element-ad2eabb\" data-id=\"ad2eabb\" data-element_type=\"column\">\n\t\t\t<div class=\"elementor-widget-wrap elementor-element-populated\">\n\t\t\t\t\t\t<div class=\"elementor-element elementor-element-e5fb009 animated-slow elementor-invisible elementor-widget elementor-widget-image\" data-id=\"e5fb009\" data-element_type=\"widget\" data-settings=\"{&quot;_animation&quot;:&quot;fadeInUp&quot;,&quot;_animation_delay&quot;:200}\" data-widget_type=\"image.default\">\n\t\t\t\t<div class=\"elementor-widget-container\">\n\t\t\t\t\t\t\t\t\t\t\t\t\t\t\t\t<a href=\"https:\/\/www.boucan-films.com\/fr\/les-rayures-du-zebre\/\">\n\t\t\t\t\t\t\t<img decoding=\"async\" width=\"840\" height=\"1200\" src=\"https:\/\/www.boucan-films.com\/wp-content\/uploads\/2024\/07\/affiche-film-les-rayures-du-zebre.jpg\" class=\"attachment-full size-full wp-image-893\" alt=\"\" srcset=\"https:\/\/www.boucan-films.com\/wp-content\/uploads\/2024\/07\/affiche-film-les-rayures-du-zebre.jpg 840w, https:\/\/www.boucan-films.com\/wp-content\/uploads\/2024\/07\/affiche-film-les-rayures-du-zebre-210x300.jpg 210w, https:\/\/www.boucan-films.com\/wp-content\/uploads\/2024\/07\/affiche-film-les-rayures-du-zebre-717x1024.jpg 717w, https:\/\/www.boucan-films.com\/wp-content\/uploads\/2024\/07\/affiche-film-les-rayures-du-zebre-768x1097.jpg 768w\" sizes=\"(max-width: 840px) 100vw, 840px\" \/>\t\t\t\t\t\t\t\t<\/a>\n\t\t\t\t\t\t\t\t\t\t\t\t\t\t\t<\/div>\n\t\t\t\t<\/div>\n\t\t\t\t\t<\/div>\n\t\t<\/div>\n\t\t\t\t<div class=\"elementor-column elementor-col-33 elementor-top-column elementor-element elementor-element-a6e8fe4\" data-id=\"a6e8fe4\" data-element_type=\"column\">\n\t\t\t<div class=\"elementor-widget-wrap\">\n\t\t\t\t\t\t\t<\/div>\n\t\t<\/div>\n\t\t\t\t\t<\/div>\n\t\t<\/section>\n\t\t\t\t<\/div>\n\t\t","protected":false},"excerpt":{"rendered":"<p>Beno\u00eet Mariage Beno\u00eet Mariage s&rsquo;est fait conna\u00eetre en r\u00e9alisant de nombreux \u00e9pisodes de la c\u00e9l\u00e8bre \u00e9mission belge \u00ab\u00a0Strip-Tease\u00a0\u00bb: \u00ab\u00a0Strip-Tease\u00a0\u00bb, une s\u00e9rie documentaire traitant principalement des gens ordinaires et des moments de leur vie quotidienne. D\u00e9sireux de transposer cette exp\u00e9rience du documentaire \u00e0 la fiction, il r\u00e9alise son premier court m\u00e9trage LE SIGNALEUR \/ THE SIGNALMAN [&hellip;]<\/p>\n","protected":false},"author":2,"featured_media":0,"parent":0,"menu_order":0,"comment_status":"closed","ping_status":"open","template":"","meta":{"ocean_post_layout":"","ocean_both_sidebars_style":"","ocean_both_sidebars_content_width":0,"ocean_both_sidebars_sidebars_width":0,"ocean_sidebar":"0","ocean_second_sidebar":"0","ocean_disable_margins":"on","ocean_add_body_class":"","ocean_shortcode_before_top_bar":"","ocean_shortcode_after_top_bar":"","ocean_shortcode_before_header":"","ocean_shortcode_after_header":"","ocean_has_shortcode":"","ocean_shortcode_after_title":"","ocean_shortcode_before_footer_widgets":"","ocean_shortcode_after_footer_widgets":"","ocean_shortcode_before_footer_bottom":"","ocean_shortcode_after_footer_bottom":"","ocean_display_top_bar":"default","ocean_display_header":"default","ocean_header_style":"","ocean_center_header_left_menu":"0","ocean_custom_header_template":"1251","ocean_custom_logo":0,"ocean_custom_retina_logo":0,"ocean_custom_logo_max_width":0,"ocean_custom_logo_tablet_max_width":0,"ocean_custom_logo_mobile_max_width":0,"ocean_custom_logo_max_height":0,"ocean_custom_logo_tablet_max_height":0,"ocean_custom_logo_mobile_max_height":0,"ocean_header_custom_menu":"0","ocean_menu_typo_font_family":"0","ocean_menu_typo_font_subset":"","ocean_menu_typo_font_size":0,"ocean_menu_typo_font_size_tablet":0,"ocean_menu_typo_font_size_mobile":0,"ocean_menu_typo_font_size_unit":"px","ocean_menu_typo_font_weight":"","ocean_menu_typo_font_weight_tablet":"","ocean_menu_typo_font_weight_mobile":"","ocean_menu_typo_transform":"","ocean_menu_typo_transform_tablet":"","ocean_menu_typo_transform_mobile":"","ocean_menu_typo_line_height":0,"ocean_menu_typo_line_height_tablet":0,"ocean_menu_typo_line_height_mobile":0,"ocean_menu_typo_line_height_unit":"","ocean_menu_typo_spacing":0,"ocean_menu_typo_spacing_tablet":0,"ocean_menu_typo_spacing_mobile":0,"ocean_menu_typo_spacing_unit":"","ocean_menu_link_color":"","ocean_menu_link_color_hover":"","ocean_menu_link_color_active":"","ocean_menu_link_background":"","ocean_menu_link_hover_background":"","ocean_menu_link_active_background":"","ocean_menu_social_links_bg":"","ocean_menu_social_hover_links_bg":"","ocean_menu_social_links_color":"","ocean_menu_social_hover_links_color":"","ocean_disable_title":"default","ocean_disable_heading":"default","ocean_post_title":"","ocean_post_subheading":"","ocean_post_title_style":"","ocean_post_title_background_color":"","ocean_post_title_background":0,"ocean_post_title_bg_image_position":"","ocean_post_title_bg_image_attachment":"","ocean_post_title_bg_image_repeat":"","ocean_post_title_bg_image_size":"","ocean_post_title_height":0,"ocean_post_title_bg_overlay":0.5,"ocean_post_title_bg_overlay_color":"","ocean_disable_breadcrumbs":"default","ocean_breadcrumbs_color":"","ocean_breadcrumbs_separator_color":"","ocean_breadcrumbs_links_color":"","ocean_breadcrumbs_links_hover_color":"","ocean_display_footer_widgets":"default","ocean_display_footer_bottom":"default","ocean_custom_footer_template":"4395","omw_enable_modal_window":"enable","osh_disable_topbar_sticky":"default","osh_disable_header_sticky":"default","osh_sticky_header_style":"default","osh_sticky_header_effect":"","osh_custom_sticky_logo":0,"osh_custom_retina_sticky_logo":0,"osh_custom_sticky_logo_height":0,"osh_background_color":"","osh_links_color":"","osh_links_hover_color":"","osh_links_active_color":"","osh_links_bg_color":"","osh_links_hover_bg_color":"","osh_links_active_bg_color":"","osh_menu_social_links_color":"","osh_menu_social_hover_links_color":"","footnotes":""},"class_list":["post-4379","page","type-page","status-publish","hentry","entry"],"_links":{"self":[{"href":"https:\/\/www.boucan-films.com\/fr\/wp-json\/wp\/v2\/pages\/4379","targetHints":{"allow":["GET"]}}],"collection":[{"href":"https:\/\/www.boucan-films.com\/fr\/wp-json\/wp\/v2\/pages"}],"about":[{"href":"https:\/\/www.boucan-films.com\/fr\/wp-json\/wp\/v2\/types\/page"}],"author":[{"embeddable":true,"href":"https:\/\/www.boucan-films.com\/fr\/wp-json\/wp\/v2\/users\/2"}],"replies":[{"embeddable":true,"href":"https:\/\/www.boucan-films.com\/fr\/wp-json\/wp\/v2\/comments?post=4379"}],"version-history":[{"count":0,"href":"https:\/\/www.boucan-films.com\/fr\/wp-json\/wp\/v2\/pages\/4379\/revisions"}],"wp:attachment":[{"href":"https:\/\/www.boucan-films.com\/fr\/wp-json\/wp\/v2\/media?parent=4379"}],"curies":[{"name":"wp","href":"https:\/\/api.w.org\/{rel}","templated":true}]}}